{"id":70,"date":"2022-12-17T13:42:46","date_gmt":"2022-12-17T13:42:46","guid":{"rendered":"http:\/\/zengers.ch\/benaja\/?page_id=70"},"modified":"2023-01-04T11:35:19","modified_gmt":"2023-01-04T11:35:19","slug":"team","status":"publish","type":"page","link":"https:\/\/zengers.ch\/benaja\/index.php\/teens\/team\/","title":{"rendered":"Team"},"content":{"rendered":"<p>Hi\u00e4 chunnt n\u00e4gschtens vo jedem Teammitglied vom TEENS es Biud und \u00e4 churzi Beschribig.<\/p>\n<p>&nbsp;<\/p>\n<p>Hier wird n\u00e4chstens ein Foto von jedem Teammitglied des TEENS mit einer kleinen Beschreibung hochgeladen.<\/p>\n<p>&nbsp;<\/p>\n","protected":false},"excerpt":{"rendered":"<p>Hi\u00e4 chunnt n\u00e4gschtens vo jedem Teammitglied vom TEENS es Biud und \u00e4 churzi Beschribig. &nbsp; Hier wird n\u00e4chstens ein Foto von jedem Teammitglied des TEENS mit einer kleinen Beschreibung hochgeladen. &nbsp;<\/p>\n","protected":false},"author":3,"featured_media":0,"parent":35,"menu_order":0,"comment_status":"closed","ping_status":"closed","template":"","meta":{"_themeisle_gutenberg_block_has_review":false,"footnotes":""},"class_list":["post-70","page","type-page","status-publish","hentry"],"_links":{"self":[{"href":"https:\/\/zengers.ch\/benaja\/index.php\/wp-json\/wp\/v2\/pages\/70","targetHints":{"allow":["GET"]}}],"collection":[{"href":"https:\/\/zengers.ch\/benaja\/index.php\/wp-json\/wp\/v2\/pages"}],"about":[{"href":"https:\/\/zengers.ch\/benaja\/index.php\/wp-json\/wp\/v2\/types\/page"}],"author":[{"embeddable":true,"href":"https:\/\/zengers.ch\/benaja\/index.php\/wp-json\/wp\/v2\/users\/3"}],"replies":[{"embeddable":true,"href":"https:\/\/zengers.ch\/benaja\/index.php\/wp-json\/wp\/v2\/comments?post=70"}],"version-history":[{"count":3,"href":"https:\/\/zengers.ch\/benaja\/index.php\/wp-json\/wp\/v2\/pages\/70\/revisions"}],"predecessor-version":[{"id":539,"href":"https:\/\/zengers.ch\/benaja\/index.php\/wp-json\/wp\/v2\/pages\/70\/revisions\/539"}],"up":[{"embeddable":true,"href":"https:\/\/zengers.ch\/benaja\/index.php\/wp-json\/wp\/v2\/pages\/35"}],"wp:attachment":[{"href":"https:\/\/zengers.ch\/benaja\/index.php\/wp-json\/wp\/v2\/media?parent=70"}],"curies":[{"name":"wp","href":"https:\/\/api.w.org\/{rel}","templated":true}]}}