{"id":66,"date":"2022-12-17T13:42:20","date_gmt":"2022-12-17T13:42:20","guid":{"rendered":"http:\/\/zengers.ch\/benaja\/?page_id=66"},"modified":"2026-03-04T19:56:43","modified_gmt":"2026-03-04T19:56:43","slug":"team","status":"publish","type":"page","link":"https:\/\/zengers.ch\/benaja\/index.php\/jungschi\/team\/","title":{"rendered":"Team"},"content":{"rendered":"<h1 style=\"font-family: cursive; text-align: center;\">\u00dcses aktuell\u00e4 Jungschiteam!<\/h1>\n<p style=\"font-family: cursive; text-align: center;\">Noah Reichenbach<\/p>\n<div id=\"attachment_536\" style=\"width: 164px\" class=\"wp-caption aligncenter\"><img loading=\"lazy\" decoding=\"async\" aria-describedby=\"caption-attachment-536\" src=\"https:\/\/zengers.ch\/benaja\/wp-content\/uploads\/2025\/03\/WhatsApp-Image-2025-02-09-at-19.15.21-3-1-225x300.jpeg\" alt=\"\" width=\"154\" height=\"206\" class=\"wp-image-536\" srcset=\"https:\/\/zengers.ch\/benaja\/wp-content\/uploads\/2025\/03\/WhatsApp-Image-2025-02-09-at-19.15.21-3-1-225x300.jpeg 225w, https:\/\/zengers.ch\/benaja\/wp-content\/uploads\/2025\/03\/WhatsApp-Image-2025-02-09-at-19.15.21-3-1-768x1024.jpeg 768w, https:\/\/zengers.ch\/benaja\/wp-content\/uploads\/2025\/03\/WhatsApp-Image-2025-02-09-at-19.15.21-3-1-1152x1536.jpeg 1152w, https:\/\/zengers.ch\/benaja\/wp-content\/uploads\/2025\/03\/WhatsApp-Image-2025-02-09-at-19.15.21-3-1.jpeg 1200w\" sizes=\"auto, (max-width: 154px) 100vw, 154px\" \/><p id=\"caption-attachment-536\" class=\"wp-caption-text\">Hauptleiter<br \/>Jungschileiter seit 2021<br \/>Lehre als Polymechaniker EFZ<\/p><\/div>\n<p style=\"text-align: center;\"><span style=\"color: #993366;\">076 721 50 87 | jungscharbenaja@gmail.com<\/span><\/p>\n<hr class=\"sweezy-custom-cursor-default-hover\" \/>\n<h5 style=\"text-align: center;\"><span style=\"color: #99ccff;\"><strong>\u00dcbersicht:<\/strong><\/span><\/h5>\n<p style=\"text-align: center;\"><img loading=\"lazy\" decoding=\"async\" src=\"https:\/\/zengers.ch\/benaja\/wp-content\/uploads\/2025\/11\/Webseite_Leiterfotos_Teils_beschriftet.jpg\" alt=\"\" width=\"992\" height=\"1403\" class=\"wp-image-755 aligncenter\" srcset=\"https:\/\/zengers.ch\/benaja\/wp-content\/uploads\/2025\/11\/Webseite_Leiterfotos_Teils_beschriftet.jpg 1683w, https:\/\/zengers.ch\/benaja\/wp-content\/uploads\/2025\/11\/Webseite_Leiterfotos_Teils_beschriftet-212x300.jpg 212w, https:\/\/zengers.ch\/benaja\/wp-content\/uploads\/2025\/11\/Webseite_Leiterfotos_Teils_beschriftet-724x1024.jpg 724w, https:\/\/zengers.ch\/benaja\/wp-content\/uploads\/2025\/11\/Webseite_Leiterfotos_Teils_beschriftet-768x1087.jpg 768w, https:\/\/zengers.ch\/benaja\/wp-content\/uploads\/2025\/11\/Webseite_Leiterfotos_Teils_beschriftet-1086x1536.jpg 1086w, https:\/\/zengers.ch\/benaja\/wp-content\/uploads\/2025\/11\/Webseite_Leiterfotos_Teils_beschriftet-1448x2048.jpg 1448w\" sizes=\"auto, (max-width: 992px) 100vw, 992px\" \/><\/p>\n<hr \/>\n<div class=\"image-pair\"><img decoding=\"async\" class=\"img-a\" src=\"https:\/\/zengers.ch\/benaja\/wp-content\/uploads\/2025\/03\/WhatsApp-Image-2025-02-09-at-19.15.21-1-1-225x300.jpeg\" alt=\"Stadt - Tag\" \/><br \/>\n<img decoding=\"async\" class=\"img-b\" src=\"https:\/\/zengers.ch\/benaja\/wp-content\/uploads\/2025\/03\/WhatsApp-Image-2025-02-09-at-19.15.21-225x300.jpeg\" alt=\"Stadt - Nacht\" \/><\/p>\n<div class=\"label\">Stadt \u2014 Tag \/ Nacht<\/div>\n<\/div>\n<p>&nbsp;<\/p>\n<p style=\"text-align: center;\">Marvin Steiner<\/p>\n<p style=\"text-align: center;\"><img loading=\"lazy\" decoding=\"async\" src=\"https:\/\/zengers.ch\/benaja\/wp-content\/uploads\/2025\/08\/WhatsApp-Image-2025-02-09-at-19.15.24-1-225x300.jpeg\" alt=\"\" width=\"225\" height=\"300\" class=\"size-medium wp-image-659 aligncenter\" srcset=\"https:\/\/zengers.ch\/benaja\/wp-content\/uploads\/2025\/08\/WhatsApp-Image-2025-02-09-at-19.15.24-1-225x300.jpeg 225w, https:\/\/zengers.ch\/benaja\/wp-content\/uploads\/2025\/08\/WhatsApp-Image-2025-02-09-at-19.15.24-1-768x1024.jpeg 768w, https:\/\/zengers.ch\/benaja\/wp-content\/uploads\/2025\/08\/WhatsApp-Image-2025-02-09-at-19.15.24-1-1152x1536.jpeg 1152w, https:\/\/zengers.ch\/benaja\/wp-content\/uploads\/2025\/08\/WhatsApp-Image-2025-02-09-at-19.15.24-1.jpeg 1200w\" sizes=\"auto, (max-width: 225px) 100vw, 225px\" \/>Celia Nold<br \/>\n<img decoding=\"async\" src=\"https:\/\/zengers.ch\/benaja\/wp-content\/uploads\/2025\/08\/WhatsApp-Image-2025-02-09-at-19.15.19-225x300.jpeg\" class=\"aligncenter\" \/><\/p>\n<p style=\"text-align: center;\">Sulamith Stoll<\/p>\n<p><img loading=\"lazy\" decoding=\"async\" src=\"https:\/\/zengers.ch\/benaja\/wp-content\/uploads\/2025\/03\/WhatsApp-Image-2025-02-09-at-19.15.21-1-1-225x300.jpeg\" alt=\"\" width=\"225\" height=\"300\" class=\"aligncenter wp-image-534 size-medium\" srcset=\"https:\/\/zengers.ch\/benaja\/wp-content\/uploads\/2025\/03\/WhatsApp-Image-2025-02-09-at-19.15.21-1-1-225x300.jpeg 225w, https:\/\/zengers.ch\/benaja\/wp-content\/uploads\/2025\/03\/WhatsApp-Image-2025-02-09-at-19.15.21-1-1-768x1024.jpeg 768w, https:\/\/zengers.ch\/benaja\/wp-content\/uploads\/2025\/03\/WhatsApp-Image-2025-02-09-at-19.15.21-1-1-1152x1536.jpeg 1152w, https:\/\/zengers.ch\/benaja\/wp-content\/uploads\/2025\/03\/WhatsApp-Image-2025-02-09-at-19.15.21-1-1.jpeg 1200w\" sizes=\"auto, (max-width: 225px) 100vw, 225px\" \/><\/p>\n<p style=\"text-align: center;\">Timo Nold<\/p>\n<p style=\"text-align: center;\"><img decoding=\"async\" src=\"https:\/\/zengers.ch\/benaja\/wp-content\/uploads\/2025\/08\/WhatsApp-Image-2025-02-09-at-19.15.24-3-225x300.jpeg\" class=\"aligncenter\" style=\"font-size: 18px;\" \/>Lia Herrli<\/p>\n<p style=\"text-align: center;\"><img decoding=\"async\" src=\"https:\/\/zengers.ch\/benaja\/wp-content\/uploads\/2025\/08\/WhatsApp-Image-2025-02-09-at-19.15.16-225x300.jpeg\" class=\"aligncenter\" \/><\/p>\n<p style=\"text-align: center;\">Joanne Reichenbach<\/p>\n<p style=\"text-align: center;\"><img loading=\"lazy\" decoding=\"async\" src=\"https:\/\/zengers.ch\/benaja\/wp-content\/uploads\/2025\/03\/WhatsApp-Image-2025-02-09-at-19.15.20-3-225x300.jpeg\" alt=\"\" width=\"225\" height=\"300\" class=\"size-medium wp-image-533 aligncenter\" srcset=\"https:\/\/zengers.ch\/benaja\/wp-content\/uploads\/2025\/03\/WhatsApp-Image-2025-02-09-at-19.15.20-3-225x300.jpeg 225w, https:\/\/zengers.ch\/benaja\/wp-content\/uploads\/2025\/03\/WhatsApp-Image-2025-02-09-at-19.15.20-3-768x1024.jpeg 768w, https:\/\/zengers.ch\/benaja\/wp-content\/uploads\/2025\/03\/WhatsApp-Image-2025-02-09-at-19.15.20-3-1152x1536.jpeg 1152w, https:\/\/zengers.ch\/benaja\/wp-content\/uploads\/2025\/03\/WhatsApp-Image-2025-02-09-at-19.15.20-3.jpeg 1200w\" sizes=\"auto, (max-width: 225px) 100vw, 225px\" \/><\/p>\n<p style=\"text-align: center;\">Elena Vetter<\/p>\n<p style=\"text-align: center;\"><img loading=\"lazy\" decoding=\"async\" src=\"https:\/\/zengers.ch\/benaja\/wp-content\/uploads\/2025\/08\/WhatsApp-Image-2025-02-09-at-19.15.22-2-225x300.jpeg\" alt=\"\" width=\"225\" height=\"300\" class=\"size-medium wp-image-653 aligncenter\" srcset=\"https:\/\/zengers.ch\/benaja\/wp-content\/uploads\/2025\/08\/WhatsApp-Image-2025-02-09-at-19.15.22-2-225x300.jpeg 225w, https:\/\/zengers.ch\/benaja\/wp-content\/uploads\/2025\/08\/WhatsApp-Image-2025-02-09-at-19.15.22-2-768x1024.jpeg 768w, https:\/\/zengers.ch\/benaja\/wp-content\/uploads\/2025\/08\/WhatsApp-Image-2025-02-09-at-19.15.22-2-1152x1536.jpeg 1152w, https:\/\/zengers.ch\/benaja\/wp-content\/uploads\/2025\/08\/WhatsApp-Image-2025-02-09-at-19.15.22-2.jpeg 1200w\" sizes=\"auto, (max-width: 225px) 100vw, 225px\" \/><\/p>\n<p style=\"text-align: center;\">Mirja W\u00e4lti<\/p>\n<p style=\"text-align: center;\"><img loading=\"lazy\" decoding=\"async\" src=\"https:\/\/zengers.ch\/benaja\/wp-content\/uploads\/2025\/08\/WhatsApp-Image-2025-02-09-at-19.15.22-225x300.jpeg\" alt=\"\" width=\"225\" height=\"300\" class=\"size-medium wp-image-655 aligncenter\" srcset=\"https:\/\/zengers.ch\/benaja\/wp-content\/uploads\/2025\/08\/WhatsApp-Image-2025-02-09-at-19.15.22-225x300.jpeg 225w, https:\/\/zengers.ch\/benaja\/wp-content\/uploads\/2025\/08\/WhatsApp-Image-2025-02-09-at-19.15.22-768x1024.jpeg 768w, https:\/\/zengers.ch\/benaja\/wp-content\/uploads\/2025\/08\/WhatsApp-Image-2025-02-09-at-19.15.22-1152x1536.jpeg 1152w, https:\/\/zengers.ch\/benaja\/wp-content\/uploads\/2025\/08\/WhatsApp-Image-2025-02-09-at-19.15.22.jpeg 1200w\" sizes=\"auto, (max-width: 225px) 100vw, 225px\" \/>Debora Nold<\/p>\n<p style=\"text-align: center;\"><img loading=\"lazy\" decoding=\"async\" src=\"https:\/\/zengers.ch\/benaja\/wp-content\/uploads\/2025\/08\/WhatsApp-Image-2025-02-09-at-19.15.20-225x300.jpeg\" alt=\"\" width=\"225\" height=\"300\" class=\"size-medium wp-image-651 aligncenter\" srcset=\"https:\/\/zengers.ch\/benaja\/wp-content\/uploads\/2025\/08\/WhatsApp-Image-2025-02-09-at-19.15.20-225x300.jpeg 225w, https:\/\/zengers.ch\/benaja\/wp-content\/uploads\/2025\/08\/WhatsApp-Image-2025-02-09-at-19.15.20-768x1024.jpeg 768w, https:\/\/zengers.ch\/benaja\/wp-content\/uploads\/2025\/08\/WhatsApp-Image-2025-02-09-at-19.15.20-1152x1536.jpeg 1152w, https:\/\/zengers.ch\/benaja\/wp-content\/uploads\/2025\/08\/WhatsApp-Image-2025-02-09-at-19.15.20.jpeg 1200w\" sizes=\"auto, (max-width: 225px) 100vw, 225px\" \/><\/p>\n<p style=\"text-align: center;\">Nadine Brak<\/p>\n<p style=\"text-align: center;\"><img loading=\"lazy\" decoding=\"async\" src=\"https:\/\/zengers.ch\/benaja\/wp-content\/uploads\/2025\/08\/WhatsApp-Image-2025-02-09-at-19.15.18-225x300.jpeg\" alt=\"\" width=\"225\" height=\"300\" class=\"size-medium wp-image-647 aligncenter\" srcset=\"https:\/\/zengers.ch\/benaja\/wp-content\/uploads\/2025\/08\/WhatsApp-Image-2025-02-09-at-19.15.18-225x300.jpeg 225w, https:\/\/zengers.ch\/benaja\/wp-content\/uploads\/2025\/08\/WhatsApp-Image-2025-02-09-at-19.15.18-768x1024.jpeg 768w, https:\/\/zengers.ch\/benaja\/wp-content\/uploads\/2025\/08\/WhatsApp-Image-2025-02-09-at-19.15.18-1152x1536.jpeg 1152w, https:\/\/zengers.ch\/benaja\/wp-content\/uploads\/2025\/08\/WhatsApp-Image-2025-02-09-at-19.15.18.jpeg 1200w\" sizes=\"auto, (max-width: 225px) 100vw, 225px\" \/><\/p>\n","protected":false},"excerpt":{"rendered":"<p>\u00dcses aktuell\u00e4 Jungschiteam! Noah Reichenbach 076 721 50 87 | jungscharbenaja@gmail.com \u00dcbersicht: Stadt \u2014 Tag \/ Nacht &nbsp; Marvin Steiner Celia Nold Sulamith Stoll Timo Nold Lia Herrli Joanne Reichenbach Elena Vetter Mirja W\u00e4lti Debora Nold Nadine Brak<\/p>\n","protected":false},"author":3,"featured_media":0,"parent":31,"menu_order":0,"comment_status":"closed","ping_status":"closed","template":"","meta":{"_themeisle_gutenberg_block_has_review":false,"footnotes":""},"class_list":["post-66","page","type-page","status-publish","hentry"],"_links":{"self":[{"href":"https:\/\/zengers.ch\/benaja\/index.php\/wp-json\/wp\/v2\/pages\/66","targetHints":{"allow":["GET"]}}],"collection":[{"href":"https:\/\/zengers.ch\/benaja\/index.php\/wp-json\/wp\/v2\/pages"}],"about":[{"href":"https:\/\/zengers.ch\/benaja\/index.php\/wp-json\/wp\/v2\/types\/page"}],"author":[{"embeddable":true,"href":"https:\/\/zengers.ch\/benaja\/index.php\/wp-json\/wp\/v2\/users\/3"}],"replies":[{"embeddable":true,"href":"https:\/\/zengers.ch\/benaja\/index.php\/wp-json\/wp\/v2\/comments?post=66"}],"version-history":[{"count":87,"href":"https:\/\/zengers.ch\/benaja\/index.php\/wp-json\/wp\/v2\/pages\/66\/revisions"}],"predecessor-version":[{"id":797,"href":"https:\/\/zengers.ch\/benaja\/index.php\/wp-json\/wp\/v2\/pages\/66\/revisions\/797"}],"up":[{"embeddable":true,"href":"https:\/\/zengers.ch\/benaja\/index.php\/wp-json\/wp\/v2\/pages\/31"}],"wp:attachment":[{"href":"https:\/\/zengers.ch\/benaja\/index.php\/wp-json\/wp\/v2\/media?parent=66"}],"curies":[{"name":"wp","href":"https:\/\/api.w.org\/{rel}","templated":true}]}}