{"id":501,"date":"2025-03-05T11:02:26","date_gmt":"2025-03-05T11:02:26","guid":{"rendered":"https:\/\/zengers.ch\/benaja\/?page_id=501"},"modified":"2025-11-25T06:56:16","modified_gmt":"2025-11-25T06:56:16","slug":"theater-untergetaucht-2","status":"publish","type":"page","link":"https:\/\/zengers.ch\/benaja\/index.php\/teens\/theater-untergetaucht-2\/","title":{"rendered":"Theater UNTERGETAUCHT"},"content":{"rendered":"<p style=\"text-align: center;\"><strong>PROJEKT UNTERGETAUCHT<\/strong><\/p>\n<p>DAS TEENS<\/p>\n<p>&#8230;ist ein Angebot, welches regelm\u00e4ssig Programm f\u00fcr Jugendliche ab der 7. Klasse bietet. Wir sind dabei meistens draussen.<\/p>\n<p>Dabei steht immer das gemeinsame Erlebnis sowie im Zentrum. Uns ist wichtig, ein Raum zu schaffen, in dem sich jugendliche in der Herausforderung wohl f\u00fchlen. Ein zentraler Aspekt dabei ist auch das Vorleben christlicher Werte sowie das N\u00e4herbringen von biblischen Geschichten.<\/p>\n<hr \/>\n<p>DIE GESCHICHTE<\/p>\n<p>Vor Zwei Jahren Starteten wir das erste TEENS-Projekt, bei welchem wir erstmals ein Theater selber geschrieben haben, um anschliessend auf einem Bauernhof in Wiler vorzutragen. Ein hohes Mass an Eigenleistung war uns schon damals wichtig. Diese Theaterproduktion war ein sehr grosser Erfolg f\u00fcr alle beteiligten. Im Sommer wurde uns daf\u00fcr von Seedorf der Kulturpreis \u00fcberreicht.<\/p>\n<p>Dieses Jahr k\u00f6nnen wir wieder auf vier sehr gelungene und gut besuchte Vorstellungen zur\u00fcckschauen. Danke allen die sich daf\u00fcr investiert haben, dass dieses Theater zum Erfolg wurde. Ein besonderes Dankesch\u00f6n auch der SKF Seedorf, f\u00fcr das \u00dcberreichen des diesj\u00e4hrigen Kulturpreises.<\/p>\n<hr \/>\n<p>AKTUELLES PROJEKT<\/p>\n<p>Die Theaterauff\u00fchrungen sind leider vorbei. Trotzdem hast du unser Kulturpreis-Siegerprojekt noch nicht ganz verpasst. Am 11.-17. Oktober 2025 wurde das Theater n\u00e4mlich im <a href=\"https:\/\/www.loly.ch\/aktuelle-sendung\/\">LOLY<\/a> ausgestrahlt. Im<a href=\"https:\/\/www.loly.ch\/2018\/12\/21\/sendungsarchiv\/\"> Archiv<\/a> steht es bis heute noch gratis zur Verf\u00fcgung (SND 1466).<\/p>\n<p><img loading=\"lazy\" decoding=\"async\" src=\"https:\/\/zengers.ch\/benaja\/wp-content\/uploads\/2025\/03\/Flyer-Ungertoucht-1.jpg\" alt=\"\" width=\"901\" height=\"634\" class=\"alignnone size-full wp-image-510\" srcset=\"https:\/\/zengers.ch\/benaja\/wp-content\/uploads\/2025\/03\/Flyer-Ungertoucht-1.jpg 901w, https:\/\/zengers.ch\/benaja\/wp-content\/uploads\/2025\/03\/Flyer-Ungertoucht-1-300x211.jpg 300w, https:\/\/zengers.ch\/benaja\/wp-content\/uploads\/2025\/03\/Flyer-Ungertoucht-1-768x540.jpg 768w\" sizes=\"auto, (max-width: 901px) 100vw, 901px\" \/><img loading=\"lazy\" decoding=\"async\" src=\"https:\/\/zengers.ch\/benaja\/wp-content\/uploads\/2025\/03\/Flyer-Ungertoucht-2.jpg\" alt=\"\" width=\"1280\" height=\"902\" class=\"alignnone size-full wp-image-511\" srcset=\"https:\/\/zengers.ch\/benaja\/wp-content\/uploads\/2025\/03\/Flyer-Ungertoucht-2.jpg 1280w, https:\/\/zengers.ch\/benaja\/wp-content\/uploads\/2025\/03\/Flyer-Ungertoucht-2-300x211.jpg 300w, https:\/\/zengers.ch\/benaja\/wp-content\/uploads\/2025\/03\/Flyer-Ungertoucht-2-1024x722.jpg 1024w, https:\/\/zengers.ch\/benaja\/wp-content\/uploads\/2025\/03\/Flyer-Ungertoucht-2-768x541.jpg 768w\" sizes=\"auto, (max-width: 1280px) 100vw, 1280px\" \/><\/p>\n","protected":false},"excerpt":{"rendered":"<p>PROJEKT UNTERGETAUCHT DAS TEENS &#8230;ist ein Angebot, welches regelm\u00e4ssig Programm f\u00fcr Jugendliche ab der 7. Klasse bietet. Wir sind dabei meistens draussen. Dabei steht immer das gemeinsame Erlebnis sowie im Zentrum. Uns ist wichtig, ein Raum zu schaffen, in dem sich jugendliche in der Herausforderung wohl f\u00fchlen. Ein zentraler Aspekt [&hellip;]<\/p>\n","protected":false},"author":3,"featured_media":0,"parent":35,"menu_order":0,"comment_status":"closed","ping_status":"closed","template":"","meta":{"_themeisle_gutenberg_block_has_review":false,"footnotes":""},"class_list":["post-501","page","type-page","status-publish","hentry"],"_links":{"self":[{"href":"https:\/\/zengers.ch\/benaja\/index.php\/wp-json\/wp\/v2\/pages\/501","targetHints":{"allow":["GET"]}}],"collection":[{"href":"https:\/\/zengers.ch\/benaja\/index.php\/wp-json\/wp\/v2\/pages"}],"about":[{"href":"https:\/\/zengers.ch\/benaja\/index.php\/wp-json\/wp\/v2\/types\/page"}],"author":[{"embeddable":true,"href":"https:\/\/zengers.ch\/benaja\/index.php\/wp-json\/wp\/v2\/users\/3"}],"replies":[{"embeddable":true,"href":"https:\/\/zengers.ch\/benaja\/index.php\/wp-json\/wp\/v2\/comments?post=501"}],"version-history":[{"count":12,"href":"https:\/\/zengers.ch\/benaja\/index.php\/wp-json\/wp\/v2\/pages\/501\/revisions"}],"predecessor-version":[{"id":767,"href":"https:\/\/zengers.ch\/benaja\/index.php\/wp-json\/wp\/v2\/pages\/501\/revisions\/767"}],"up":[{"embeddable":true,"href":"https:\/\/zengers.ch\/benaja\/index.php\/wp-json\/wp\/v2\/pages\/35"}],"wp:attachment":[{"href":"https:\/\/zengers.ch\/benaja\/index.php\/wp-json\/wp\/v2\/media?parent=501"}],"curies":[{"name":"wp","href":"https:\/\/api.w.org\/{rel}","templated":true}]}}