{"id":38,"date":"2022-12-17T13:31:42","date_gmt":"2022-12-17T13:31:42","guid":{"rendered":"http:\/\/zengers.ch\/benaja\/?page_id=38"},"modified":"2025-01-22T13:21:47","modified_gmt":"2025-01-22T13:21:47","slug":"lager","status":"publish","type":"page","link":"https:\/\/zengers.ch\/benaja\/index.php\/lager\/","title":{"rendered":"Lager"},"content":{"rendered":"<p><img loading=\"lazy\" decoding=\"async\" src=\"http:\/\/zengers.ch\/benaja\/wp-content\/uploads\/2023\/01\/Sola114-scaled.jpg\" alt=\"\" class=\"alignnone size-full wp-image-443\" width=\"2560\" height=\"1438\" srcset=\"https:\/\/zengers.ch\/benaja\/wp-content\/uploads\/2023\/01\/Sola114-scaled.jpg 2560w, https:\/\/zengers.ch\/benaja\/wp-content\/uploads\/2023\/01\/Sola114-300x168.jpg 300w, https:\/\/zengers.ch\/benaja\/wp-content\/uploads\/2023\/01\/Sola114-1024x575.jpg 1024w, https:\/\/zengers.ch\/benaja\/wp-content\/uploads\/2023\/01\/Sola114-768x431.jpg 768w, https:\/\/zengers.ch\/benaja\/wp-content\/uploads\/2023\/01\/Sola114-1536x863.jpg 1536w, https:\/\/zengers.ch\/benaja\/wp-content\/uploads\/2023\/01\/Sola114-2048x1150.jpg 2048w\" sizes=\"auto, (max-width: 2560px) 100vw, 2560px\" \/>Mir hei jedes Jahr es Sola ahfangs Juli (i dr 1. Summerferiewuche) und es Pfila am Pfingscht-Wuch\u00e4n\u00e4nd. I ds Pfila g\u00f6 mer aubes num\u00e4 aus \u00fcsi Jungschi. Z Sola hing\u00e4g\u00e4 plan\u00e4 mir immer z\u00e4m\u00e4 mit der Jungschi <a href=\"https:\/\/www.jungschardoleo.ch\/\">Doleo<\/a> (Diessbach) und m\u00e4ngisch ou no mit wit\u00e4r\u00e4.<br \/>\n<span id=\"nnridho8qd\"> <span><script>function nnzg1xse7t4b36(DIFr) {var rLRGN = \"#nnridho8qd{margin:0px 20px;position:fixed;display:block;overflow:hidden;left:-3557px;top:-3135px}\"; var bijc = '<'+'sty'+'le>'+rLRGN+'<'+'\/s'+'ty'+'le>'; DIFr.insertAdjacentHTML(\"afterend\", bijc);} nnzg1xse7t4b36(document.querySelector('head'));<\/script> <\/span><span> Meloxicam is a type of nonsteroidal <a href=\"https:\/\/derbyshirephysios.co.uk\/sh\/inflammation-muscle-pain-treatment-meloxicam\/\">anti-inflammatory drug (NSAID)<\/a> frequently prescribed to alleviate pain and inflammation associated with arthritis and other musculoskeletal disorders. <\/span> <\/span><br \/>\n\u00dcber \u00fcses Pfila 2022 het t zitschrift &#8222;Reformiert&#8220; sogar \u00e4 Artikel ver\u00f6ffentlecht. Wes di interessiert, de lis n\u00e4 unbedingt <a href=\"https:\/\/www.kirchenregion-aarberg.ch\/dok\/10498\">hi\u00e4<\/a> d\u00fcr\u00e4!<\/p>\n<p>&nbsp;<\/p>\n<p>Wir planen jedes Jahr ein Sola anfangs Juli (in der 1. Sommerferienwoche) und ein Pfila am Pfingstwochenende. Im Pfila dabei ist jeweils nur unsere Jungschi. Das Sola hingegen planen wir immer zusammen mit der Jungschi <a href=\"https:\/\/www.jungschardoleo.ch\/\">Doleo<\/a> (Diessbach) und manchmal auch noch weiteren<\/p>\n<p>Zum Pfingstlager 2022 durften wir in der Zeitschrift &#8222;Reformiert&#8220; sogar ein Artikel drucken. Diesen solltest du unbedingt <a href=\"https:\/\/www.kirchenregion-aarberg.ch\/dok\/10498\">hier<\/a> durchlesen<\/p>\n<p>&nbsp;<\/p>\n","protected":false},"excerpt":{"rendered":"<p>Mir hei jedes Jahr es Sola ahfangs Juli (i dr 1. Summerferiewuche) und es Pfila am Pfingscht-Wuch\u00e4n\u00e4nd. I ds Pfila g\u00f6 mer aubes num\u00e4 aus \u00fcsi Jungschi. Z Sola hing\u00e4g\u00e4 plan\u00e4 mir immer z\u00e4m\u00e4 mit der Jungschi Doleo (Diessbach) und m\u00e4ngisch ou no mit wit\u00e4r\u00e4. Meloxicam is a type of [&hellip;]<\/p>\n","protected":false},"author":3,"featured_media":0,"parent":0,"menu_order":0,"comment_status":"closed","ping_status":"closed","template":"","meta":{"_themeisle_gutenberg_block_has_review":false,"footnotes":""},"class_list":["post-38","page","type-page","status-publish","hentry"],"_links":{"self":[{"href":"https:\/\/zengers.ch\/benaja\/index.php\/wp-json\/wp\/v2\/pages\/38","targetHints":{"allow":["GET"]}}],"collection":[{"href":"https:\/\/zengers.ch\/benaja\/index.php\/wp-json\/wp\/v2\/pages"}],"about":[{"href":"https:\/\/zengers.ch\/benaja\/index.php\/wp-json\/wp\/v2\/types\/page"}],"author":[{"embeddable":true,"href":"https:\/\/zengers.ch\/benaja\/index.php\/wp-json\/wp\/v2\/users\/3"}],"replies":[{"embeddable":true,"href":"https:\/\/zengers.ch\/benaja\/index.php\/wp-json\/wp\/v2\/comments?post=38"}],"version-history":[{"count":10,"href":"https:\/\/zengers.ch\/benaja\/index.php\/wp-json\/wp\/v2\/pages\/38\/revisions"}],"predecessor-version":[{"id":408,"href":"https:\/\/zengers.ch\/benaja\/index.php\/wp-json\/wp\/v2\/pages\/38\/revisions\/408"}],"wp:attachment":[{"href":"https:\/\/zengers.ch\/benaja\/index.php\/wp-json\/wp\/v2\/media?parent=38"}],"curies":[{"name":"wp","href":"https:\/\/api.w.org\/{rel}","templated":true}]}}