{"id":35,"date":"2022-12-17T13:31:49","date_gmt":"2022-12-17T13:31:49","guid":{"rendered":"http:\/\/zengers.ch\/benaja\/?page_id=35"},"modified":"2025-01-20T07:12:17","modified_gmt":"2025-01-20T07:12:17","slug":"teens","status":"publish","type":"page","link":"https:\/\/zengers.ch\/benaja\/index.php\/teens\/","title":{"rendered":"Teens"},"content":{"rendered":"<p><strong>Wilkomm\u00e4 im TEENS<\/strong><\/p>\n<p>Ou im TEENS hei mir t \u00fcberz\u00fcgig, das der Waud eifach di beschti Lokalit\u00e4t isch. Normalerwiis findet z TEENS am Samstig nach der Jungschi statt. Ufem programm steit meischtens:<\/p>\n<ul>\n<li>Znacht choch\u00e4 \u00fcberem F\u00fc\u00fcr<\/li>\n<li>\u00e4 churz\u00e4 Input<\/li>\n<li>es kreativs Spiu<\/li>\n<li>Zit f\u00fcr eifach chlei z sii<\/li>\n<\/ul>\n<p>&nbsp;<\/p>\n<p>&nbsp;<\/p>\n<p><strong>Willkommen im TEENS<\/strong><\/p>\n<p>Auch im TEENS sind wir \u00fcberzeugt, dass der Wald die beste Lokalit\u00e4t ist. Normalerweise findet das Teens nach den Jungscharnachmittagen statt. Zu einem gew\u00f6hnlichen TEENS Abend geh\u00f6rt:<\/p>\n<ul>\n<li>Abendessen kochen \u00fcber dem Feuer<\/li>\n<li>ein kurzer Input<\/li>\n<li>ein kreatives Spiel<\/li>\n<li>Zeit um einfach zu sein<\/li>\n<\/ul>\n<p>&nbsp;<\/p>\n","protected":false},"excerpt":{"rendered":"<p>Wilkomm\u00e4 im TEENS Ou im TEENS hei mir t \u00fcberz\u00fcgig, das der Waud eifach di beschti Lokalit\u00e4t isch. Normalerwiis findet z TEENS am Samstig nach der Jungschi statt. Ufem programm steit meischtens: Znacht choch\u00e4 \u00fcberem F\u00fc\u00fcr \u00e4 churz\u00e4 Input es kreativs Spiu Zit f\u00fcr eifach chlei z sii &nbsp; &nbsp; [&hellip;]<\/p>\n","protected":false},"author":3,"featured_media":0,"parent":0,"menu_order":0,"comment_status":"closed","ping_status":"closed","template":"","meta":{"_themeisle_gutenberg_block_has_review":false,"footnotes":""},"class_list":["post-35","page","type-page","status-publish","hentry"],"_links":{"self":[{"href":"https:\/\/zengers.ch\/benaja\/index.php\/wp-json\/wp\/v2\/pages\/35","targetHints":{"allow":["GET"]}}],"collection":[{"href":"https:\/\/zengers.ch\/benaja\/index.php\/wp-json\/wp\/v2\/pages"}],"about":[{"href":"https:\/\/zengers.ch\/benaja\/index.php\/wp-json\/wp\/v2\/types\/page"}],"author":[{"embeddable":true,"href":"https:\/\/zengers.ch\/benaja\/index.php\/wp-json\/wp\/v2\/users\/3"}],"replies":[{"embeddable":true,"href":"https:\/\/zengers.ch\/benaja\/index.php\/wp-json\/wp\/v2\/comments?post=35"}],"version-history":[{"count":7,"href":"https:\/\/zengers.ch\/benaja\/index.php\/wp-json\/wp\/v2\/pages\/35\/revisions"}],"predecessor-version":[{"id":477,"href":"https:\/\/zengers.ch\/benaja\/index.php\/wp-json\/wp\/v2\/pages\/35\/revisions\/477"}],"wp:attachment":[{"href":"https:\/\/zengers.ch\/benaja\/index.php\/wp-json\/wp\/v2\/media?parent=35"}],"curies":[{"name":"wp","href":"https:\/\/api.w.org\/{rel}","templated":true}]}}